{"id":46774,"date":"2022-10-13T10:32:14","date_gmt":"2022-10-13T16:32:14","guid":{"rendered":"https:\/\/kleo.mx\/depilacion-laser-de-axilas-en-mexico\/"},"modified":"2025-03-27T12:19:20","modified_gmt":"2025-03-27T18:19:20","slug":"depilacion-laser-de-axilas-en-mexico","status":"publish","type":"page","link":"https:\/\/kleo.mx\/en\/depilacion-laser-de-axilas-en-mexico\/","title":{"rendered":"Underarm Laser Hair Removal in Mexico"},"content":{"rendered":"","protected":false},"excerpt":{"rendered":"","protected":false},"author":1,"featured_media":38476,"parent":0,"menu_order":0,"comment_status":"open","ping_status":"closed","template":"","meta":{"_acf_changed":false,"footnotes":""},"class_list":["post-46774","page","type-page","status-publish","has-post-thumbnail","hentry"],"acf":[],"yoast_head":"<!-- This site is optimized with the Yoast SEO plugin v25.1 - https:\/\/yoast.com\/wordpress\/plugins\/seo\/ -->\n<title>Depilaci\u00f3n L\u00e1ser de Axilas en M\u00e9xico<\/title>\n<meta name=\"description\" content=\"Encuentra las mejores clinicas y los mejores precios para depilaci\u00f3n l\u00e1ser de axilas en m\u00e9xico\" \/>\n<meta name=\"robots\" content=\"index, follow, max-snippet:-1, max-image-preview:large, max-video-preview:-1\" \/>\n<link rel=\"canonical\" href=\"https:\/\/kleo.mx\/en\/depilacion-laser-de-axilas-en-mexico\/\" \/>\n<meta property=\"og:locale\" content=\"en_US\" \/>\n<meta property=\"og:type\" content=\"article\" \/>\n<meta property=\"og:title\" content=\"Depilaci\u00f3n L\u00e1ser de Axilas en M\u00e9xico\" \/>\n<meta property=\"og:description\" content=\"Encuentra las mejores clinicas y los mejores precios para depilaci\u00f3n l\u00e1ser de axilas en m\u00e9xico\" \/>\n<meta property=\"og:url\" content=\"https:\/\/kleo.mx\/en\/depilacion-laser-de-axilas-en-mexico\/\" \/>\n<meta property=\"og:site_name\" content=\"Kleo\" \/>\n<meta property=\"article:modified_time\" content=\"2025-03-27T18:19:20+00:00\" \/>\n<meta property=\"og:image\" content=\"https:\/\/kleo.mx\/wp-content\/uploads\/2022\/10\/kleo-depilacion-laser-mexico.jpg\" \/>\n\t<meta property=\"og:image:width\" content=\"1600\" \/>\n\t<meta property=\"og:image:height\" content=\"1067\" \/>\n\t<meta property=\"og:image:type\" content=\"image\/jpeg\" \/>\n<meta name=\"twitter:card\" content=\"summary_large_image\" \/>\n<meta name=\"twitter:title\" content=\"Depilaci\u00f3n L\u00e1ser de Axilas en M\u00e9xico\" \/>\n<script type=\"application\/ld+json\" class=\"yoast-schema-graph\">{\"@context\":\"https:\/\/schema.org\",\"@graph\":[{\"@type\":\"WebPage\",\"@id\":\"https:\/\/kleo.mx\/depilacion-laser-de-axilas-en-mexico\/\",\"url\":\"https:\/\/kleo.mx\/depilacion-laser-de-axilas-en-mexico\/\",\"name\":\"Depilaci\u00f3n L\u00e1ser de Axilas en M\u00e9xico\",\"isPartOf\":{\"@id\":\"https:\/\/kleo.mx\/#website\"},\"primaryImageOfPage\":{\"@id\":\"https:\/\/kleo.mx\/depilacion-laser-de-axilas-en-mexico\/#primaryimage\"},\"image\":{\"@id\":\"https:\/\/kleo.mx\/depilacion-laser-de-axilas-en-mexico\/#primaryimage\"},\"thumbnailUrl\":\"https:\/\/kleo.mx\/wp-content\/uploads\/2022\/10\/kleo-depilacion-laser-mexico.jpg\",\"datePublished\":\"2022-10-13T16:32:14+00:00\",\"dateModified\":\"2025-03-27T18:19:20+00:00\",\"description\":\"Encuentra las mejores clinicas y los mejores precios para depilaci\u00f3n l\u00e1ser de axilas en m\u00e9xico\",\"breadcrumb\":{\"@id\":\"https:\/\/kleo.mx\/depilacion-laser-de-axilas-en-mexico\/#breadcrumb\"},\"inLanguage\":\"en-US\",\"potentialAction\":[{\"@type\":\"ReadAction\",\"target\":[\"https:\/\/kleo.mx\/depilacion-laser-de-axilas-en-mexico\/\"]}]},{\"@type\":\"ImageObject\",\"inLanguage\":\"en-US\",\"@id\":\"https:\/\/kleo.mx\/depilacion-laser-de-axilas-en-mexico\/#primaryimage\",\"url\":\"https:\/\/kleo.mx\/wp-content\/uploads\/2022\/10\/kleo-depilacion-laser-mexico.jpg\",\"contentUrl\":\"https:\/\/kleo.mx\/wp-content\/uploads\/2022\/10\/kleo-depilacion-laser-mexico.jpg\",\"width\":1600,\"height\":1067,\"caption\":\"Depilacion Laser Mexico\"},{\"@type\":\"BreadcrumbList\",\"@id\":\"https:\/\/kleo.mx\/depilacion-laser-de-axilas-en-mexico\/#breadcrumb\",\"itemListElement\":[{\"@type\":\"ListItem\",\"position\":1,\"name\":\"Inicio\",\"item\":\"https:\/\/kleo.mx\/\"},{\"@type\":\"ListItem\",\"position\":2,\"name\":\"Depilaci\u00f3n L\u00e1ser de Axilas en M\u00e9xico\"}]},{\"@type\":\"WebSite\",\"@id\":\"https:\/\/kleo.mx\/#website\",\"url\":\"https:\/\/kleo.mx\/\",\"name\":\"Kleo\",\"description\":\"Tratamientos de Belleza en Casa\",\"publisher\":{\"@id\":\"https:\/\/kleo.mx\/#organization\"},\"potentialAction\":[{\"@type\":\"SearchAction\",\"target\":{\"@type\":\"EntryPoint\",\"urlTemplate\":\"https:\/\/kleo.mx\/?s={search_term_string}\"},\"query-input\":{\"@type\":\"PropertyValueSpecification\",\"valueRequired\":true,\"valueName\":\"search_term_string\"}}],\"inLanguage\":\"en-US\"},{\"@type\":\"Organization\",\"@id\":\"https:\/\/kleo.mx\/#organization\",\"name\":\"Kleo\",\"url\":\"https:\/\/kleo.mx\/\",\"logo\":{\"@type\":\"ImageObject\",\"inLanguage\":\"en-US\",\"@id\":\"https:\/\/kleo.mx\/#\/schema\/logo\/image\/\",\"url\":\"https:\/\/kleo.mx\/wp-content\/uploads\/2022\/05\/kleo-mexico-logo-273x134-1.png\",\"contentUrl\":\"https:\/\/kleo.mx\/wp-content\/uploads\/2022\/05\/kleo-mexico-logo-273x134-1.png\",\"width\":274,\"height\":136,\"caption\":\"Kleo\"},\"image\":{\"@id\":\"https:\/\/kleo.mx\/#\/schema\/logo\/image\/\"}}]}<\/script>\n<!-- \/ Yoast SEO plugin. -->","yoast_head_json":{"title":"Depilaci\u00f3n L\u00e1ser de Axilas en M\u00e9xico","description":"Encuentra las mejores clinicas y los mejores precios para depilaci\u00f3n l\u00e1ser de axilas en m\u00e9xico","robots":{"index":"index","follow":"follow","max-snippet":"max-snippet:-1","max-image-preview":"max-image-preview:large","max-video-preview":"max-video-preview:-1"},"canonical":"https:\/\/kleo.mx\/en\/depilacion-laser-de-axilas-en-mexico\/","og_locale":"en_US","og_type":"article","og_title":"Depilaci\u00f3n L\u00e1ser de Axilas en M\u00e9xico","og_description":"Encuentra las mejores clinicas y los mejores precios para depilaci\u00f3n l\u00e1ser de axilas en m\u00e9xico","og_url":"https:\/\/kleo.mx\/en\/depilacion-laser-de-axilas-en-mexico\/","og_site_name":"Kleo","article_modified_time":"2025-03-27T18:19:20+00:00","og_image":[{"width":1600,"height":1067,"url":"https:\/\/kleo.mx\/wp-content\/uploads\/2022\/10\/kleo-depilacion-laser-mexico.jpg","type":"image\/jpeg"}],"twitter_card":"summary_large_image","twitter_title":"Depilaci\u00f3n L\u00e1ser de Axilas en M\u00e9xico","schema":{"@context":"https:\/\/schema.org","@graph":[{"@type":"WebPage","@id":"https:\/\/kleo.mx\/depilacion-laser-de-axilas-en-mexico\/","url":"https:\/\/kleo.mx\/depilacion-laser-de-axilas-en-mexico\/","name":"Depilaci\u00f3n L\u00e1ser de Axilas en M\u00e9xico","isPartOf":{"@id":"https:\/\/kleo.mx\/#website"},"primaryImageOfPage":{"@id":"https:\/\/kleo.mx\/depilacion-laser-de-axilas-en-mexico\/#primaryimage"},"image":{"@id":"https:\/\/kleo.mx\/depilacion-laser-de-axilas-en-mexico\/#primaryimage"},"thumbnailUrl":"https:\/\/kleo.mx\/wp-content\/uploads\/2022\/10\/kleo-depilacion-laser-mexico.jpg","datePublished":"2022-10-13T16:32:14+00:00","dateModified":"2025-03-27T18:19:20+00:00","description":"Encuentra las mejores clinicas y los mejores precios para depilaci\u00f3n l\u00e1ser de axilas en m\u00e9xico","breadcrumb":{"@id":"https:\/\/kleo.mx\/depilacion-laser-de-axilas-en-mexico\/#breadcrumb"},"inLanguage":"en-US","potentialAction":[{"@type":"ReadAction","target":["https:\/\/kleo.mx\/depilacion-laser-de-axilas-en-mexico\/"]}]},{"@type":"ImageObject","inLanguage":"en-US","@id":"https:\/\/kleo.mx\/depilacion-laser-de-axilas-en-mexico\/#primaryimage","url":"https:\/\/kleo.mx\/wp-content\/uploads\/2022\/10\/kleo-depilacion-laser-mexico.jpg","contentUrl":"https:\/\/kleo.mx\/wp-content\/uploads\/2022\/10\/kleo-depilacion-laser-mexico.jpg","width":1600,"height":1067,"caption":"Depilacion Laser Mexico"},{"@type":"BreadcrumbList","@id":"https:\/\/kleo.mx\/depilacion-laser-de-axilas-en-mexico\/#breadcrumb","itemListElement":[{"@type":"ListItem","position":1,"name":"Inicio","item":"https:\/\/kleo.mx\/"},{"@type":"ListItem","position":2,"name":"Depilaci\u00f3n L\u00e1ser de Axilas en M\u00e9xico"}]},{"@type":"WebSite","@id":"https:\/\/kleo.mx\/#website","url":"https:\/\/kleo.mx\/","name":"Kleo","description":"Tratamientos de Belleza en Casa","publisher":{"@id":"https:\/\/kleo.mx\/#organization"},"potentialAction":[{"@type":"SearchAction","target":{"@type":"EntryPoint","urlTemplate":"https:\/\/kleo.mx\/?s={search_term_string}"},"query-input":{"@type":"PropertyValueSpecification","valueRequired":true,"valueName":"search_term_string"}}],"inLanguage":"en-US"},{"@type":"Organization","@id":"https:\/\/kleo.mx\/#organization","name":"Kleo","url":"https:\/\/kleo.mx\/","logo":{"@type":"ImageObject","inLanguage":"en-US","@id":"https:\/\/kleo.mx\/#\/schema\/logo\/image\/","url":"https:\/\/kleo.mx\/wp-content\/uploads\/2022\/05\/kleo-mexico-logo-273x134-1.png","contentUrl":"https:\/\/kleo.mx\/wp-content\/uploads\/2022\/05\/kleo-mexico-logo-273x134-1.png","width":274,"height":136,"caption":"Kleo"},"image":{"@id":"https:\/\/kleo.mx\/#\/schema\/logo\/image\/"}}]}},"_links":{"self":[{"href":"https:\/\/kleo.mx\/en\/wp-json\/wp\/v2\/pages\/46774","targetHints":{"allow":["GET"]}}],"collection":[{"href":"https:\/\/kleo.mx\/en\/wp-json\/wp\/v2\/pages"}],"about":[{"href":"https:\/\/kleo.mx\/en\/wp-json\/wp\/v2\/types\/page"}],"author":[{"embeddable":true,"href":"https:\/\/kleo.mx\/en\/wp-json\/wp\/v2\/users\/1"}],"replies":[{"embeddable":true,"href":"https:\/\/kleo.mx\/en\/wp-json\/wp\/v2\/comments?post=46774"}],"version-history":[{"count":1,"href":"https:\/\/kleo.mx\/en\/wp-json\/wp\/v2\/pages\/46774\/revisions"}],"predecessor-version":[{"id":46807,"href":"https:\/\/kleo.mx\/en\/wp-json\/wp\/v2\/pages\/46774\/revisions\/46807"}],"wp:featuredmedia":[{"embeddable":true,"href":"https:\/\/kleo.mx\/en\/wp-json\/wp\/v2\/media\/38476"}],"wp:attachment":[{"href":"https:\/\/kleo.mx\/en\/wp-json\/wp\/v2\/media?parent=46774"}],"curies":[{"name":"wp","href":"https:\/\/api.w.org\/{rel}","templated":true}]}}