{"id":399,"date":"2022-05-28T22:12:29","date_gmt":"2022-05-28T22:12:29","guid":{"rendered":"https:\/\/kleo.mx\/?page_id=399"},"modified":"2025-04-10T20:50:27","modified_gmt":"2025-04-11T02:50:27","slug":"contacto","status":"publish","type":"page","link":"https:\/\/kleo.mx\/en\/contacto\/","title":{"rendered":"Contact | Kleo \u2013 Beauty Treatments at Home in Mexico"},"content":{"rendered":"<div data-elementor-type=\"wp-page\" data-elementor-id=\"399\" class=\"elementor elementor-399\" data-elementor-post-type=\"page\">\n\t\t\t\t<div class=\"elementor-element elementor-element-216b448 e-flex e-con-boxed e-con e-parent\" data-id=\"216b448\" data-element_type=\"container\">\n\t\t\t\t\t<div class=\"e-con-inner\">\n\t\t<div class=\"elementor-element elementor-element-d444be4 e-con-full e-flex e-con e-child\" data-id=\"d444be4\" data-element_type=\"container\">\n\t\t<div class=\"elementor-element elementor-element-3eb4356 e-con-full e-flex e-con e-child\" data-id=\"3eb4356\" data-element_type=\"container\">\n\t\t\t\t<div class=\"elementor-element elementor-element-b3d58cb elementor-widget__width-auto de_scroll_animation_no elementor-widget elementor-widget-image\" data-id=\"b3d58cb\" data-element_type=\"widget\" data-widget_type=\"image.default\">\n\t\t\t\t\t\t\t\t\t\t\t\t\t\t\t<img decoding=\"async\" width=\"160\" height=\"263\" src=\"https:\/\/kleo.mx\/wp-content\/uploads\/2022\/05\/kleo-k-logo.png\" class=\"attachment-full size-full wp-image-240\" alt=\"\" \/>\t\t\t\t\t\t\t\t\t\t\t\t\t\t\t<\/div>\n\t\t\t\t<div class=\"elementor-element elementor-element-bc8f546 de_scroll_animation_no elementor-widget elementor-widget-heading\" data-id=\"bc8f546\" data-element_type=\"widget\" data-widget_type=\"heading.default\">\n\t\t\t\t\t<div class=\"elementor-heading-title elementor-size-default\">Beauty treatments in Mexico<\/div>\t\t\t\t<\/div>\n\t\t\t\t<div class=\"elementor-element elementor-element-7c4638e de_scroll_animation_no elementor-widget elementor-widget-heading\" data-id=\"7c4638e\" data-element_type=\"widget\" data-widget_type=\"heading.default\">\n\t\t\t\t\t<h2 class=\"elementor-heading-title elementor-size-default\">kleo<\/h2>\t\t\t\t<\/div>\n\t\t\t\t<div class=\"elementor-element elementor-element-b1a478e de_scroll_animation_no elementor-widget elementor-widget-image\" data-id=\"b1a478e\" data-element_type=\"widget\" data-widget_type=\"image.default\">\n\t\t\t\t\t\t\t\t\t\t\t\t\t\t\t\t<a href=\"https:\/\/wa.me\/+16508008083?text=Buen%20dia.%20Estoy%20en%20su%20p%C3%A1gina%20de%20internet%20Kleo.mx%20.Estoy%20interesada%28o%29%20en%20los%20tratamientos%20de%20belleza.\">\n\t\t\t\t\t\t\t<img decoding=\"async\" width=\"300\" height=\"104\" src=\"https:\/\/kleo.mx\/wp-content\/uploads\/2023\/01\/whatsapp-button-300x104.png\" class=\"attachment-medium size-medium wp-image-61225\" alt=\"\" srcset=\"https:\/\/kleo.mx\/wp-content\/uploads\/2023\/01\/whatsapp-button-300x104.png 300w, https:\/\/kleo.mx\/wp-content\/uploads\/2023\/01\/whatsapp-button-18x6.png 18w, https:\/\/kleo.mx\/wp-content\/uploads\/2023\/01\/whatsapp-button.png 738w\" sizes=\"(max-width: 300px) 100vw, 300px\" \/>\t\t\t\t\t\t\t\t<\/a>\n\t\t\t\t\t\t\t\t\t\t\t\t\t\t\t<\/div>\n\t\t\t\t<div class=\"elementor-element elementor-element-c88c4c0 elementor-widget-divider--view-line de_scroll_animation_no elementor-widget elementor-widget-divider\" data-id=\"c88c4c0\" data-element_type=\"widget\" data-widget_type=\"divider.default\">\n\t\t\t\t\t\t\t<div class=\"elementor-divider\">\n\t\t\t<span class=\"elementor-divider-separator\">\n\t\t\t\t\t\t<\/span>\n\t\t<\/div>\n\t\t\t\t\t\t<\/div>\n\t\t\t\t<div class=\"elementor-element elementor-element-3d424c8 de_scroll_animation_no elementor-widget elementor-widget-text-editor\" data-id=\"3d424c8\" data-element_type=\"widget\" data-widget_type=\"text-editor.default\">\n\t\t\t\t\t\t\t\t\t<p>We&#039;re here to serve you. Both our team and our specialists are here to give you the best service.<\/p>\t\t\t\t\t\t\t\t<\/div>\n\t\t\t\t<div class=\"elementor-element elementor-element-4e16877 elementor-hidden-phone de_scroll_animation_no elementor-widget elementor-widget-spacer\" data-id=\"4e16877\" data-element_type=\"widget\" data-widget_type=\"spacer.default\">\n\t\t\t\t\t\t\t<div class=\"elementor-spacer\">\n\t\t\t<div class=\"elementor-spacer-inner\"><\/div>\n\t\t<\/div>\n\t\t\t\t\t\t<\/div>\n\t\t\t\t<div class=\"elementor-element elementor-element-4ca5e14 elementor-widget__width-auto elementor-mobile-align-justify elementor-widget-mobile__width-inherit de_scroll_animation_no elementor-widget elementor-widget-button\" data-id=\"4ca5e14\" data-element_type=\"widget\" data-widget_type=\"button.default\">\n\t\t\t\t\t\t\t\t\t\t<a class=\"elementor-button elementor-button-link elementor-size-sm\" href=\"https:\/\/wa.me\/+16508008083?text=Buen%20dia.%20Estoy%20en%20su%20p%C3%A1gina%20de%20internet%20Kleo.mx%20.Estoy%20interesada%28o%29%20en%20los%20tratamientos%20de%20belleza.\" id=\"cta-about-us-book\">\n\t\t\t\t\t\t<span class=\"elementor-button-content-wrapper\">\n\t\t\t\t\t\t\t\t\t<span class=\"elementor-button-text\">contact us<\/span>\n\t\t\t\t\t<\/span>\n\t\t\t\t\t<\/a>\n\t\t\t\t\t\t\t\t<\/div>\n\t\t\t\t<\/div>\n\t\t<div class=\"elementor-element elementor-element-561252c e-con-full e-flex e-con e-child\" data-id=\"561252c\" data-element_type=\"container\">\n\t\t<div class=\"elementor-element elementor-element-0440b9b e-con-full e-flex e-con e-child\" data-id=\"0440b9b\" data-element_type=\"container\">\n\t\t\t\t<div class=\"elementor-element elementor-element-3cef204 elementor-tablet-align-center elementor-icon-list--layout-traditional elementor-list-item-link-full_width de_scroll_animation_no elementor-widget elementor-widget-icon-list\" data-id=\"3cef204\" data-element_type=\"widget\" data-widget_type=\"icon-list.default\">\n\t\t\t\t\t\t\t<ul class=\"elementor-icon-list-items\">\n\t\t\t\t\t\t\t<li class=\"elementor-icon-list-item\">\n\t\t\t\t\t\t\t\t\t\t\t<span class=\"elementor-icon-list-icon\">\n\t\t\t\t\t\t\t<svg aria-hidden=\"true\" class=\"e-font-icon-svg e-fas-map-marker-alt\" viewbox=\"0 0 384 512\" xmlns=\"http:\/\/www.w3.org\/2000\/svg\"><path d=\"M172.268 501.67C26.97 291.031 0 269.413 0 192 0 85.961 85.961 0 192 0s192 85.961 192 192c0 77.413-26.97 99.031-172.268 309.67-9.535 13.774-29.93 13.773-39.464 0zM192 272c44.183 0 80-35.817 80-80s-35.817-80-80-80-80 35.817-80 80 35.817 80 80 80z\"><\/path><\/svg>\t\t\t\t\t\t<\/span>\n\t\t\t\t\t\t\t\t\t\t<span class=\"elementor-icon-list-text\">Javier Barros Sierra 495, 01219 Mexico City, CDMX<\/span>\n\t\t\t\t\t\t\t\t\t<\/li>\n\t\t\t\t\t\t<\/ul>\n\t\t\t\t\t\t<\/div>\n\t\t\t\t<div class=\"elementor-element elementor-element-9f5059e de_scroll_animation_no elementor-widget elementor-widget-google_maps\" data-id=\"9f5059e\" data-element_type=\"widget\" data-widget_type=\"google_maps.default\">\n\t\t\t\t\t\t\t<div class=\"elementor-custom-embed\">\n\t\t\t<iframe loading=\"lazy\"\n\t\t\t\t\tsrc=\"https:\/\/maps.google.com\/maps?q=Av%2C%20Javier%20Varris%20Suerra%20495%20Ciudad%20de%20Mexico&#038;t=m&#038;z=16&#038;output=embed&#038;iwloc=near\"\n\t\t\t\t\ttitle=\"Av, Javier Varris Suerra 495 Mexico City\"\n\t\t\t\t\taria-label=\"Av, Javier Varris Suerra 495 Mexico City\"\n\t\t\t><\/iframe>\n\t\t<\/div>\n\t\t\t\t\t\t<\/div>\n\t\t\t\t<\/div>\n\t\t<div class=\"elementor-element elementor-element-ec35f53 e-con-full e-flex e-con e-child\" data-id=\"ec35f53\" data-element_type=\"container\">\n\t\t\t\t<div class=\"elementor-element elementor-element-afb6341 elementor-tablet-align-center elementor-icon-list--layout-traditional elementor-list-item-link-full_width de_scroll_animation_no elementor-widget elementor-widget-icon-list\" data-id=\"afb6341\" data-element_type=\"widget\" data-widget_type=\"icon-list.default\">\n\t\t\t\t\t\t\t<ul class=\"elementor-icon-list-items\">\n\t\t\t\t\t\t\t<li class=\"elementor-icon-list-item\">\n\t\t\t\t\t\t\t\t\t\t\t<span class=\"elementor-icon-list-icon\">\n\t\t\t\t\t\t\t<svg aria-hidden=\"true\" class=\"e-font-icon-svg e-fas-map-marker-alt\" viewbox=\"0 0 384 512\" xmlns=\"http:\/\/www.w3.org\/2000\/svg\"><path d=\"M172.268 501.67C26.97 291.031 0 269.413 0 192 0 85.961 85.961 0 192 0s192 85.961 192 192c0 77.413-26.97 99.031-172.268 309.67-9.535 13.774-29.93 13.773-39.464 0zM192 272c44.183 0 80-35.817 80-80s-35.817-80-80-80-80 35.817-80 80 35.817 80 80 80z\"><\/path><\/svg>\t\t\t\t\t\t<\/span>\n\t\t\t\t\t\t\t\t\t\t<span class=\"elementor-icon-list-text\">5900 Balcones Dr Suite 100 Austin, TX 78731, USA<\/span>\n\t\t\t\t\t\t\t\t\t<\/li>\n\t\t\t\t\t\t<\/ul>\n\t\t\t\t\t\t<\/div>\n\t\t\t\t<div class=\"elementor-element elementor-element-f98d1b9 de_scroll_animation_no elementor-widget elementor-widget-google_maps\" data-id=\"f98d1b9\" data-element_type=\"widget\" data-widget_type=\"google_maps.default\">\n\t\t\t\t\t\t\t<div class=\"elementor-custom-embed\">\n\t\t\t<iframe loading=\"lazy\"\n\t\t\t\t\tsrc=\"https:\/\/maps.google.com\/maps?q=5900%20Balcones%20Dr%20Suit%20100Austin%2C%20TX%2078731%2C%20USA&#038;t=m&#038;z=16&#038;output=embed&#038;iwloc=near\"\n\t\t\t\t\ttitle=\"5900 Balcones Dr Suite 100 Austin, TX 78731, USA\"\n\t\t\t\t\taria-label=\"5900 Balcones Dr Suite 100 Austin, TX 78731, USA\"\n\t\t\t><\/iframe>\n\t\t<\/div>\n\t\t\t\t\t\t<\/div>\n\t\t\t\t<\/div>\n\t\t\t\t<\/div>\n\t\t\t\t<\/div>\n\t\t\t\t\t<\/div>\n\t\t\t\t<\/div>\n\t\t\t\t<\/div>","protected":false},"excerpt":{"rendered":"<p>Tratamientos de belleza en m\u00e9xico Kleo Estamos para servirte. Tanto como nuestro equipo como nuestros especialistas estamos aqu\u00ed para darte el mejor servicio. contactanos Javier Barros Sierra 495, 01219 Ciudad de M\u00e9xico, CDMX 5900 Balcones Dr Suit 100Austin, TX 78731, USA<\/p>","protected":false},"author":1,"featured_media":170,"parent":0,"menu_order":0,"comment_status":"closed","ping_status":"closed","template":"","meta":{"_acf_changed":false,"footnotes":""},"class_list":["post-399","page","type-page","status-publish","has-post-thumbnail","hentry"],"acf":[],"yoast_head":"<!-- This site is optimized with the Yoast SEO plugin v25.1 - https:\/\/yoast.com\/wordpress\/plugins\/seo\/ -->\n<title>Contacto | Kleo - Tratamientos de Belleza en Casa en M\u00e9xico - Kleo<\/title>\n<meta name=\"robots\" content=\"index, follow, max-snippet:-1, max-image-preview:large, max-video-preview:-1\" \/>\n<link rel=\"canonical\" href=\"https:\/\/kleo.mx\/en\/contacto\/\" \/>\n<meta property=\"og:locale\" content=\"en_US\" \/>\n<meta property=\"og:type\" content=\"article\" \/>\n<meta property=\"og:title\" content=\"Contacto | Kleo - Tratamientos de Belleza en Casa en M\u00e9xico - Kleo\" \/>\n<meta property=\"og:description\" content=\"Tratamientos de belleza en m\u00e9xico Kleo Estamos para servirte. Tanto como nuestro equipo como nuestros especialistas estamos aqu\u00ed para darte el mejor servicio. contactanos Javier Barros Sierra 495, 01219 Ciudad de M\u00e9xico, CDMX 5900 Balcones Dr Suit 100Austin, TX 78731, USA\" \/>\n<meta property=\"og:url\" content=\"https:\/\/kleo.mx\/en\/contacto\/\" \/>\n<meta property=\"og:site_name\" content=\"Kleo\" \/>\n<meta property=\"article:modified_time\" content=\"2025-04-11T02:50:27+00:00\" \/>\n<meta property=\"og:image\" content=\"https:\/\/kleo.mx\/wp-content\/uploads\/2022\/05\/kleo-tratamientos-de-belleza-en-casa-2.jpg\" \/>\n\t<meta property=\"og:image:width\" content=\"1200\" \/>\n\t<meta property=\"og:image:height\" content=\"628\" \/>\n\t<meta property=\"og:image:type\" content=\"image\/jpeg\" \/>\n<meta name=\"twitter:card\" content=\"summary_large_image\" \/>\n<meta name=\"twitter:label1\" content=\"Est. reading time\" \/>\n\t<meta name=\"twitter:data1\" content=\"1 minute\" \/>\n<script type=\"application\/ld+json\" class=\"yoast-schema-graph\">{\"@context\":\"https:\/\/schema.org\",\"@graph\":[{\"@type\":\"WebPage\",\"@id\":\"https:\/\/kleo.mx\/contacto\/\",\"url\":\"https:\/\/kleo.mx\/contacto\/\",\"name\":\"Contacto | Kleo - Tratamientos de Belleza en Casa en M\u00e9xico - Kleo\",\"isPartOf\":{\"@id\":\"https:\/\/kleo.mx\/#website\"},\"primaryImageOfPage\":{\"@id\":\"https:\/\/kleo.mx\/contacto\/#primaryimage\"},\"image\":{\"@id\":\"https:\/\/kleo.mx\/contacto\/#primaryimage\"},\"thumbnailUrl\":\"https:\/\/kleo.mx\/wp-content\/uploads\/2022\/05\/kleo-tratamientos-de-belleza-en-casa-2.jpg\",\"datePublished\":\"2022-05-28T22:12:29+00:00\",\"dateModified\":\"2025-04-11T02:50:27+00:00\",\"breadcrumb\":{\"@id\":\"https:\/\/kleo.mx\/contacto\/#breadcrumb\"},\"inLanguage\":\"en-US\",\"potentialAction\":[{\"@type\":\"ReadAction\",\"target\":[\"https:\/\/kleo.mx\/contacto\/\"]}]},{\"@type\":\"ImageObject\",\"inLanguage\":\"en-US\",\"@id\":\"https:\/\/kleo.mx\/contacto\/#primaryimage\",\"url\":\"https:\/\/kleo.mx\/wp-content\/uploads\/2022\/05\/kleo-tratamientos-de-belleza-en-casa-2.jpg\",\"contentUrl\":\"https:\/\/kleo.mx\/wp-content\/uploads\/2022\/05\/kleo-tratamientos-de-belleza-en-casa-2.jpg\",\"width\":1200,\"height\":628},{\"@type\":\"BreadcrumbList\",\"@id\":\"https:\/\/kleo.mx\/contacto\/#breadcrumb\",\"itemListElement\":[{\"@type\":\"ListItem\",\"position\":1,\"name\":\"Inicio\",\"item\":\"https:\/\/kleo.mx\/\"},{\"@type\":\"ListItem\",\"position\":2,\"name\":\"Contacto | Kleo &#8211; Tratamientos de Belleza en Casa en M\u00e9xico\"}]},{\"@type\":\"WebSite\",\"@id\":\"https:\/\/kleo.mx\/#website\",\"url\":\"https:\/\/kleo.mx\/\",\"name\":\"Kleo\",\"description\":\"Tratamientos de Belleza en Casa\",\"publisher\":{\"@id\":\"https:\/\/kleo.mx\/#organization\"},\"potentialAction\":[{\"@type\":\"SearchAction\",\"target\":{\"@type\":\"EntryPoint\",\"urlTemplate\":\"https:\/\/kleo.mx\/?s={search_term_string}\"},\"query-input\":{\"@type\":\"PropertyValueSpecification\",\"valueRequired\":true,\"valueName\":\"search_term_string\"}}],\"inLanguage\":\"en-US\"},{\"@type\":\"Organization\",\"@id\":\"https:\/\/kleo.mx\/#organization\",\"name\":\"Kleo\",\"url\":\"https:\/\/kleo.mx\/\",\"logo\":{\"@type\":\"ImageObject\",\"inLanguage\":\"en-US\",\"@id\":\"https:\/\/kleo.mx\/#\/schema\/logo\/image\/\",\"url\":\"https:\/\/kleo.mx\/wp-content\/uploads\/2022\/05\/kleo-mexico-logo-273x134-1.png\",\"contentUrl\":\"https:\/\/kleo.mx\/wp-content\/uploads\/2022\/05\/kleo-mexico-logo-273x134-1.png\",\"width\":274,\"height\":136,\"caption\":\"Kleo\"},\"image\":{\"@id\":\"https:\/\/kleo.mx\/#\/schema\/logo\/image\/\"}}]}<\/script>\n<!-- \/ Yoast SEO plugin. -->","yoast_head_json":{"title":"Contacto | Kleo - Tratamientos de Belleza en Casa en M\u00e9xico - Kleo","robots":{"index":"index","follow":"follow","max-snippet":"max-snippet:-1","max-image-preview":"max-image-preview:large","max-video-preview":"max-video-preview:-1"},"canonical":"https:\/\/kleo.mx\/en\/contacto\/","og_locale":"en_US","og_type":"article","og_title":"Contacto | Kleo - Tratamientos de Belleza en Casa en M\u00e9xico - Kleo","og_description":"Tratamientos de belleza en m\u00e9xico Kleo Estamos para servirte. Tanto como nuestro equipo como nuestros especialistas estamos aqu\u00ed para darte el mejor servicio. contactanos Javier Barros Sierra 495, 01219 Ciudad de M\u00e9xico, CDMX 5900 Balcones Dr Suit 100Austin, TX 78731, USA","og_url":"https:\/\/kleo.mx\/en\/contacto\/","og_site_name":"Kleo","article_modified_time":"2025-04-11T02:50:27+00:00","og_image":[{"width":1200,"height":628,"url":"https:\/\/kleo.mx\/wp-content\/uploads\/2022\/05\/kleo-tratamientos-de-belleza-en-casa-2.jpg","type":"image\/jpeg"}],"twitter_card":"summary_large_image","twitter_misc":{"Est. reading time":"1 minute"},"schema":{"@context":"https:\/\/schema.org","@graph":[{"@type":"WebPage","@id":"https:\/\/kleo.mx\/contacto\/","url":"https:\/\/kleo.mx\/contacto\/","name":"Contacto | Kleo - Tratamientos de Belleza en Casa en M\u00e9xico - Kleo","isPartOf":{"@id":"https:\/\/kleo.mx\/#website"},"primaryImageOfPage":{"@id":"https:\/\/kleo.mx\/contacto\/#primaryimage"},"image":{"@id":"https:\/\/kleo.mx\/contacto\/#primaryimage"},"thumbnailUrl":"https:\/\/kleo.mx\/wp-content\/uploads\/2022\/05\/kleo-tratamientos-de-belleza-en-casa-2.jpg","datePublished":"2022-05-28T22:12:29+00:00","dateModified":"2025-04-11T02:50:27+00:00","breadcrumb":{"@id":"https:\/\/kleo.mx\/contacto\/#breadcrumb"},"inLanguage":"en-US","potentialAction":[{"@type":"ReadAction","target":["https:\/\/kleo.mx\/contacto\/"]}]},{"@type":"ImageObject","inLanguage":"en-US","@id":"https:\/\/kleo.mx\/contacto\/#primaryimage","url":"https:\/\/kleo.mx\/wp-content\/uploads\/2022\/05\/kleo-tratamientos-de-belleza-en-casa-2.jpg","contentUrl":"https:\/\/kleo.mx\/wp-content\/uploads\/2022\/05\/kleo-tratamientos-de-belleza-en-casa-2.jpg","width":1200,"height":628},{"@type":"BreadcrumbList","@id":"https:\/\/kleo.mx\/contacto\/#breadcrumb","itemListElement":[{"@type":"ListItem","position":1,"name":"Inicio","item":"https:\/\/kleo.mx\/"},{"@type":"ListItem","position":2,"name":"Contacto | Kleo &#8211; Tratamientos de Belleza en Casa en M\u00e9xico"}]},{"@type":"WebSite","@id":"https:\/\/kleo.mx\/#website","url":"https:\/\/kleo.mx\/","name":"Kleo","description":"Tratamientos de Belleza en Casa","publisher":{"@id":"https:\/\/kleo.mx\/#organization"},"potentialAction":[{"@type":"SearchAction","target":{"@type":"EntryPoint","urlTemplate":"https:\/\/kleo.mx\/?s={search_term_string}"},"query-input":{"@type":"PropertyValueSpecification","valueRequired":true,"valueName":"search_term_string"}}],"inLanguage":"en-US"},{"@type":"Organization","@id":"https:\/\/kleo.mx\/#organization","name":"Kleo","url":"https:\/\/kleo.mx\/","logo":{"@type":"ImageObject","inLanguage":"en-US","@id":"https:\/\/kleo.mx\/#\/schema\/logo\/image\/","url":"https:\/\/kleo.mx\/wp-content\/uploads\/2022\/05\/kleo-mexico-logo-273x134-1.png","contentUrl":"https:\/\/kleo.mx\/wp-content\/uploads\/2022\/05\/kleo-mexico-logo-273x134-1.png","width":274,"height":136,"caption":"Kleo"},"image":{"@id":"https:\/\/kleo.mx\/#\/schema\/logo\/image\/"}}]}},"_links":{"self":[{"href":"https:\/\/kleo.mx\/en\/wp-json\/wp\/v2\/pages\/399","targetHints":{"allow":["GET"]}}],"collection":[{"href":"https:\/\/kleo.mx\/en\/wp-json\/wp\/v2\/pages"}],"about":[{"href":"https:\/\/kleo.mx\/en\/wp-json\/wp\/v2\/types\/page"}],"author":[{"embeddable":true,"href":"https:\/\/kleo.mx\/en\/wp-json\/wp\/v2\/users\/1"}],"replies":[{"embeddable":true,"href":"https:\/\/kleo.mx\/en\/wp-json\/wp\/v2\/comments?post=399"}],"version-history":[{"count":11,"href":"https:\/\/kleo.mx\/en\/wp-json\/wp\/v2\/pages\/399\/revisions"}],"predecessor-version":[{"id":187525,"href":"https:\/\/kleo.mx\/en\/wp-json\/wp\/v2\/pages\/399\/revisions\/187525"}],"wp:featuredmedia":[{"embeddable":true,"href":"https:\/\/kleo.mx\/en\/wp-json\/wp\/v2\/media\/170"}],"wp:attachment":[{"href":"https:\/\/kleo.mx\/en\/wp-json\/wp\/v2\/media?parent=399"}],"curies":[{"name":"wp","href":"https:\/\/api.w.org\/{rel}","templated":true}]}}