{"id":387,"date":"2022-05-28T04:31:54","date_gmt":"2022-05-28T04:31:54","guid":{"rendered":"https:\/\/kleo.mx\/?page_id=387"},"modified":"2025-08-10T09:59:12","modified_gmt":"2025-08-10T15:59:12","slug":"terminos","status":"publish","type":"page","link":"https:\/\/kleo.mx\/en\/terminos\/","title":{"rendered":"Terms and Conditions | Kleo \u2013 Beauty Treatments at Home"},"content":{"rendered":"<div data-elementor-type=\"wp-page\" data-elementor-id=\"387\" class=\"elementor elementor-387\" data-elementor-post-type=\"page\">\n\t\t\t\t\t\t<section class=\"elementor-section elementor-top-section elementor-element elementor-element-26194d40 elementor-section-boxed elementor-section-height-default elementor-section-height-default\" data-id=\"26194d40\" data-element_type=\"section\" data-settings=\"{&quot;background_background&quot;:&quot;classic&quot;}\">\n\t\t\t\t\t\t<div class=\"elementor-container elementor-column-gap-default\">\n\t\t\t\t\t<div class=\"elementor-column elementor-col-100 elementor-top-column elementor-element elementor-element-7621f015\" data-id=\"7621f015\" data-element_type=\"column\">\n\t\t\t<div class=\"elementor-widget-wrap elementor-element-populated\">\n\t\t\t\t\t\t<div class=\"elementor-element elementor-element-dfdbfdf de_scroll_animation_no elementor-widget elementor-widget-heading\" data-id=\"dfdbfdf\" data-element_type=\"widget\" data-widget_type=\"heading.default\">\n\t\t\t\t\t<h1 class=\"elementor-heading-title elementor-size-default\">Terms and Conditions<\/h1>\t\t\t\t<\/div>\n\t\t\t\t<div class=\"elementor-element elementor-element-67cd7ec9 de_scroll_animation_no elementor-widget elementor-widget-text-editor\" data-id=\"67cd7ec9\" data-element_type=\"widget\" data-widget_type=\"text-editor.default\">\n\t\t\t\t\t\t\t\t\t<p data-start=\"159\" data-end=\"201\"><strong data-start=\"159\" data-end=\"179\">\u00daltima revisi\u00f3n:<\/strong> 10 de enero de 2022<\/p><p data-start=\"203\" data-end=\"569\">Bienvenido a <strong data-start=\"216\" data-end=\"224\">KLEO<\/strong>, un sitio web alojado en <a class=\"\" href=\"https:\/\/kleo.mx\/en\/\" target=\"_new\" rel=\"noopener\" data-start=\"250\" data-end=\"283\">www.kleo.mx<\/a> (el \u201cSitio\u201d), <strong data-start=\"298\" data-end=\"340\">operado por EUREKA MOMENTS FACTORY LLC<\/strong> (&#8220;KLEO&#8221;, &#8220;nosotros&#8221;, &#8220;nuestro&#8221;). <strong data-start=\"374\" data-end=\"404\">EUREKA MOMENTS FACTORY LLC<\/strong> tiene su sede en Houston, Texas, EE. UU., y es responsable de la operaci\u00f3n, gesti\u00f3n y administraci\u00f3n de <strong data-start=\"509\" data-end=\"517\">KLEO<\/strong>, cuya sede se encuentra en Austin, Texas, EE. UU.<\/p><p data-start=\"571\" data-end=\"902\">KLEO ofrece el Sitio, sus aplicaciones m\u00f3viles (las &#8220;Apps&#8221;) y los servicios descritos en ambos (conjuntamente, los &#8220;Servicios&#8221;). Estos Servicios incluyen la conexi\u00f3n con profesionales de salud, belleza, medicina est\u00e9tica, bienestar y opciones de financiamiento, para facilitar tratamientos y servicios de inter\u00e9s para el usuario.<\/p><p data-start=\"904\" data-end=\"1438\">Al acceder o usar el Sitio, la App o cualquiera de nuestros Servicios, aceptas estos <strong data-start=\"989\" data-end=\"1015\">Terms and Conditions<\/strong> (el &#8220;Acuerdo&#8221;), as\u00ed como el <strong data-start=\"1044\" data-end=\"1067\">Aviso de Privacidad<\/strong> aplicable. Asimismo, reconoces y aceptas que KLEO opera bajo la legislaci\u00f3n de los Estados Unidos de Am\u00e9rica, y que tu informaci\u00f3n podr\u00e1 ser compartida con profesionales de la salud, proveedores de servicios, instituciones de financiamiento, socios comerciales o estrat\u00e9gicos relevantes para los tratamientos o servicios que solicites o en los que manifiestes inter\u00e9s.<\/p><p data-start=\"1440\" data-end=\"1696\">By using our Services, you represent that you are at least 18 years of age or acting as the parent or legal guardian of a minor for whom the Services are requested. If you do not agree to these terms, please refrain from registering for or using the Services.<\/p><p data-start=\"1698\" data-end=\"1922\">Este Acuerdo incluye una <strong data-start=\"1723\" data-end=\"1760\">cl\u00e1usula de arbitraje obligatorio<\/strong>, <strong data-start=\"1762\" data-end=\"1796\">renuncia a acciones colectivas<\/strong>, y <strong data-start=\"1800\" data-end=\"1835\">limitaciones de responsabilidad<\/strong>. Por favor, lee cuidadosamente los t\u00e9rminos antes de utilizar los Servicios de KLEO.<\/p><p data-start=\"1924\" data-end=\"2181\">KLEO act\u00faa como <strong data-start=\"1940\" data-end=\"1969\">intermediario tecnol\u00f3gico<\/strong> entre los Usuarios y una red de profesionales independientes (\u201cla Red de Profesionales\u201d). No prestamos servicios m\u00e9dicos ni de salud de manera directa, ni ejercemos supervisi\u00f3n cl\u00ednica sobre los profesionales.<\/p><p data-start=\"2183\" data-end=\"2225\">Use of the Site and Apps implies that:<\/p><ul data-start=\"2227\" data-end=\"2614\"><li data-start=\"2227\" data-end=\"2362\"><p data-start=\"2229\" data-end=\"2362\">You understand and agree that the services offered may involve the collection and processing of personal and health information.<\/p><\/li><li data-start=\"2363\" data-end=\"2514\"><p data-start=\"2365\" data-end=\"2514\">Autorizas expresamente a KLEO a compartir tu informaci\u00f3n con profesionales, entidades y socios relevantes para brindarte los Servicios solicitados.<\/p><\/li><li data-start=\"2515\" data-end=\"2614\"><p data-start=\"2517\" data-end=\"2614\">You agree to use the Services in a personal, lawful manner and at your own risk.<\/p><\/li><\/ul><p data-start=\"2616\" data-end=\"2802\">Recomendamos revisar peri\u00f3dicamente estos T\u00e9rminos, ya que KLEO podr\u00e1 modificarlos en cualquier momento. Cualquier cambio entrar\u00e1 en vigor desde su publicaci\u00f3n en el Sitio o en la App.<\/p><p data-start=\"2804\" data-end=\"2922\">For questions, concerns, or clarifications, you can write to us at:<br data-start=\"2863\" data-end=\"2866\" \/>\ud83d\udce7 <a class=\"cursor-pointer\" rel=\"noopener\" data-start=\"2869\" data-end=\"2885\">contacto@kleo.mx<\/a><\/p>\t\t\t\t\t\t\t\t<\/div>\n\t\t\t\t\t<\/div>\n\t\t<\/div>\n\t\t\t\t\t<\/div>\n\t\t<\/section>\n\t\t\t\t<\/div>","protected":false},"excerpt":{"rendered":"<p>T\u00e9rminos y Condiciones \u00daltima revisi\u00f3n: 10 de enero de 2022 Bienvenido a KLEO, un sitio web alojado en www.kleo.mx (el \u201cSitio\u201d), operado por EUREKA MOMENTS FACTORY LLC (&#8220;KLEO&#8221;, &#8220;nosotros&#8221;, &#8220;nuestro&#8221;). EUREKA MOMENTS FACTORY LLC tiene su sede en Houston, Texas, EE. UU., y es responsable de la operaci\u00f3n, gesti\u00f3n y administraci\u00f3n de KLEO, cuya sede [&hellip;]<\/p>","protected":false},"author":1,"featured_media":170,"parent":0,"menu_order":0,"comment_status":"closed","ping_status":"closed","template":"","meta":{"_acf_changed":false,"footnotes":""},"class_list":["post-387","page","type-page","status-publish","has-post-thumbnail","hentry"],"acf":[],"yoast_head":"<!-- This site is optimized with the Yoast SEO plugin v25.1 - https:\/\/yoast.com\/wordpress\/plugins\/seo\/ -->\n<title>Terminos y Condiciones | Kleo - Tratamientos de Belleza en Casa - Kleo<\/title>\n<meta name=\"robots\" content=\"noindex, follow\" \/>\n<meta property=\"og:locale\" content=\"en_US\" \/>\n<meta property=\"og:type\" content=\"article\" \/>\n<meta property=\"og:title\" content=\"Terminos y Condiciones | Kleo - Tratamientos de Belleza en Casa - Kleo\" \/>\n<meta property=\"og:description\" content=\"T\u00e9rminos y Condiciones \u00daltima revisi\u00f3n: 10 de enero de 2022 Bienvenido a KLEO, un sitio web alojado en www.kleo.mx (el \u201cSitio\u201d), operado por EUREKA MOMENTS FACTORY LLC (&#8220;KLEO&#8221;, &#8220;nosotros&#8221;, &#8220;nuestro&#8221;). EUREKA MOMENTS FACTORY LLC tiene su sede en Houston, Texas, EE. UU., y es responsable de la operaci\u00f3n, gesti\u00f3n y administraci\u00f3n de KLEO, cuya sede [&hellip;]\" \/>\n<meta property=\"og:url\" content=\"https:\/\/kleo.mx\/en\/terminos\/\" \/>\n<meta property=\"og:site_name\" content=\"Kleo\" \/>\n<meta property=\"article:modified_time\" content=\"2025-08-10T15:59:12+00:00\" \/>\n<meta property=\"og:image\" content=\"https:\/\/kleo.mx\/wp-content\/uploads\/2022\/05\/kleo-tratamientos-de-belleza-en-casa-2.jpg\" \/>\n\t<meta property=\"og:image:width\" content=\"1200\" \/>\n\t<meta property=\"og:image:height\" content=\"628\" \/>\n\t<meta property=\"og:image:type\" content=\"image\/jpeg\" \/>\n<meta name=\"twitter:card\" content=\"summary_large_image\" \/>\n<meta name=\"twitter:label1\" content=\"Est. reading time\" \/>\n\t<meta name=\"twitter:data1\" content=\"2 minutes\" \/>\n<script type=\"application\/ld+json\" class=\"yoast-schema-graph\">{\"@context\":\"https:\/\/schema.org\",\"@graph\":[{\"@type\":\"WebPage\",\"@id\":\"https:\/\/kleo.mx\/terminos\/\",\"url\":\"https:\/\/kleo.mx\/terminos\/\",\"name\":\"Terminos y Condiciones | Kleo - Tratamientos de Belleza en Casa - Kleo\",\"isPartOf\":{\"@id\":\"https:\/\/kleo.mx\/#website\"},\"primaryImageOfPage\":{\"@id\":\"https:\/\/kleo.mx\/terminos\/#primaryimage\"},\"image\":{\"@id\":\"https:\/\/kleo.mx\/terminos\/#primaryimage\"},\"thumbnailUrl\":\"https:\/\/kleo.mx\/wp-content\/uploads\/2022\/05\/kleo-tratamientos-de-belleza-en-casa-2.jpg\",\"datePublished\":\"2022-05-28T04:31:54+00:00\",\"dateModified\":\"2025-08-10T15:59:12+00:00\",\"breadcrumb\":{\"@id\":\"https:\/\/kleo.mx\/terminos\/#breadcrumb\"},\"inLanguage\":\"en-US\",\"potentialAction\":[{\"@type\":\"ReadAction\",\"target\":[\"https:\/\/kleo.mx\/terminos\/\"]}]},{\"@type\":\"ImageObject\",\"inLanguage\":\"en-US\",\"@id\":\"https:\/\/kleo.mx\/terminos\/#primaryimage\",\"url\":\"https:\/\/kleo.mx\/wp-content\/uploads\/2022\/05\/kleo-tratamientos-de-belleza-en-casa-2.jpg\",\"contentUrl\":\"https:\/\/kleo.mx\/wp-content\/uploads\/2022\/05\/kleo-tratamientos-de-belleza-en-casa-2.jpg\",\"width\":1200,\"height\":628},{\"@type\":\"BreadcrumbList\",\"@id\":\"https:\/\/kleo.mx\/terminos\/#breadcrumb\",\"itemListElement\":[{\"@type\":\"ListItem\",\"position\":1,\"name\":\"Inicio\",\"item\":\"https:\/\/kleo.mx\/\"},{\"@type\":\"ListItem\",\"position\":2,\"name\":\"Terminos y Condiciones | Kleo &#8211; Tratamientos de Belleza en Casa\"}]},{\"@type\":\"WebSite\",\"@id\":\"https:\/\/kleo.mx\/#website\",\"url\":\"https:\/\/kleo.mx\/\",\"name\":\"Kleo\",\"description\":\"Tratamientos de Belleza en Casa\",\"publisher\":{\"@id\":\"https:\/\/kleo.mx\/#organization\"},\"potentialAction\":[{\"@type\":\"SearchAction\",\"target\":{\"@type\":\"EntryPoint\",\"urlTemplate\":\"https:\/\/kleo.mx\/?s={search_term_string}\"},\"query-input\":{\"@type\":\"PropertyValueSpecification\",\"valueRequired\":true,\"valueName\":\"search_term_string\"}}],\"inLanguage\":\"en-US\"},{\"@type\":\"Organization\",\"@id\":\"https:\/\/kleo.mx\/#organization\",\"name\":\"Kleo\",\"url\":\"https:\/\/kleo.mx\/\",\"logo\":{\"@type\":\"ImageObject\",\"inLanguage\":\"en-US\",\"@id\":\"https:\/\/kleo.mx\/#\/schema\/logo\/image\/\",\"url\":\"https:\/\/kleo.mx\/wp-content\/uploads\/2022\/05\/kleo-mexico-logo-273x134-1.png\",\"contentUrl\":\"https:\/\/kleo.mx\/wp-content\/uploads\/2022\/05\/kleo-mexico-logo-273x134-1.png\",\"width\":274,\"height\":136,\"caption\":\"Kleo\"},\"image\":{\"@id\":\"https:\/\/kleo.mx\/#\/schema\/logo\/image\/\"}}]}<\/script>\n<!-- \/ Yoast SEO plugin. -->","yoast_head_json":{"title":"Terminos y Condiciones | Kleo - Tratamientos de Belleza en Casa - Kleo","robots":{"index":"noindex","follow":"follow"},"og_locale":"en_US","og_type":"article","og_title":"Terminos y Condiciones | Kleo - Tratamientos de Belleza en Casa - Kleo","og_description":"T\u00e9rminos y Condiciones \u00daltima revisi\u00f3n: 10 de enero de 2022 Bienvenido a KLEO, un sitio web alojado en www.kleo.mx (el \u201cSitio\u201d), operado por EUREKA MOMENTS FACTORY LLC (&#8220;KLEO&#8221;, &#8220;nosotros&#8221;, &#8220;nuestro&#8221;). EUREKA MOMENTS FACTORY LLC tiene su sede en Houston, Texas, EE. UU., y es responsable de la operaci\u00f3n, gesti\u00f3n y administraci\u00f3n de KLEO, cuya sede [&hellip;]","og_url":"https:\/\/kleo.mx\/en\/terminos\/","og_site_name":"Kleo","article_modified_time":"2025-08-10T15:59:12+00:00","og_image":[{"width":1200,"height":628,"url":"https:\/\/kleo.mx\/wp-content\/uploads\/2022\/05\/kleo-tratamientos-de-belleza-en-casa-2.jpg","type":"image\/jpeg"}],"twitter_card":"summary_large_image","twitter_misc":{"Est. reading time":"2 minutes"},"schema":{"@context":"https:\/\/schema.org","@graph":[{"@type":"WebPage","@id":"https:\/\/kleo.mx\/terminos\/","url":"https:\/\/kleo.mx\/terminos\/","name":"Terminos y Condiciones | Kleo - Tratamientos de Belleza en Casa - Kleo","isPartOf":{"@id":"https:\/\/kleo.mx\/#website"},"primaryImageOfPage":{"@id":"https:\/\/kleo.mx\/terminos\/#primaryimage"},"image":{"@id":"https:\/\/kleo.mx\/terminos\/#primaryimage"},"thumbnailUrl":"https:\/\/kleo.mx\/wp-content\/uploads\/2022\/05\/kleo-tratamientos-de-belleza-en-casa-2.jpg","datePublished":"2022-05-28T04:31:54+00:00","dateModified":"2025-08-10T15:59:12+00:00","breadcrumb":{"@id":"https:\/\/kleo.mx\/terminos\/#breadcrumb"},"inLanguage":"en-US","potentialAction":[{"@type":"ReadAction","target":["https:\/\/kleo.mx\/terminos\/"]}]},{"@type":"ImageObject","inLanguage":"en-US","@id":"https:\/\/kleo.mx\/terminos\/#primaryimage","url":"https:\/\/kleo.mx\/wp-content\/uploads\/2022\/05\/kleo-tratamientos-de-belleza-en-casa-2.jpg","contentUrl":"https:\/\/kleo.mx\/wp-content\/uploads\/2022\/05\/kleo-tratamientos-de-belleza-en-casa-2.jpg","width":1200,"height":628},{"@type":"BreadcrumbList","@id":"https:\/\/kleo.mx\/terminos\/#breadcrumb","itemListElement":[{"@type":"ListItem","position":1,"name":"Inicio","item":"https:\/\/kleo.mx\/"},{"@type":"ListItem","position":2,"name":"Terminos y Condiciones | Kleo &#8211; Tratamientos de Belleza en Casa"}]},{"@type":"WebSite","@id":"https:\/\/kleo.mx\/#website","url":"https:\/\/kleo.mx\/","name":"Kleo","description":"Tratamientos de Belleza en Casa","publisher":{"@id":"https:\/\/kleo.mx\/#organization"},"potentialAction":[{"@type":"SearchAction","target":{"@type":"EntryPoint","urlTemplate":"https:\/\/kleo.mx\/?s={search_term_string}"},"query-input":{"@type":"PropertyValueSpecification","valueRequired":true,"valueName":"search_term_string"}}],"inLanguage":"en-US"},{"@type":"Organization","@id":"https:\/\/kleo.mx\/#organization","name":"Kleo","url":"https:\/\/kleo.mx\/","logo":{"@type":"ImageObject","inLanguage":"en-US","@id":"https:\/\/kleo.mx\/#\/schema\/logo\/image\/","url":"https:\/\/kleo.mx\/wp-content\/uploads\/2022\/05\/kleo-mexico-logo-273x134-1.png","contentUrl":"https:\/\/kleo.mx\/wp-content\/uploads\/2022\/05\/kleo-mexico-logo-273x134-1.png","width":274,"height":136,"caption":"Kleo"},"image":{"@id":"https:\/\/kleo.mx\/#\/schema\/logo\/image\/"}}]}},"_links":{"self":[{"href":"https:\/\/kleo.mx\/en\/wp-json\/wp\/v2\/pages\/387","targetHints":{"allow":["GET"]}}],"collection":[{"href":"https:\/\/kleo.mx\/en\/wp-json\/wp\/v2\/pages"}],"about":[{"href":"https:\/\/kleo.mx\/en\/wp-json\/wp\/v2\/types\/page"}],"author":[{"embeddable":true,"href":"https:\/\/kleo.mx\/en\/wp-json\/wp\/v2\/users\/1"}],"replies":[{"embeddable":true,"href":"https:\/\/kleo.mx\/en\/wp-json\/wp\/v2\/comments?post=387"}],"version-history":[{"count":11,"href":"https:\/\/kleo.mx\/en\/wp-json\/wp\/v2\/pages\/387\/revisions"}],"predecessor-version":[{"id":192588,"href":"https:\/\/kleo.mx\/en\/wp-json\/wp\/v2\/pages\/387\/revisions\/192588"}],"wp:featuredmedia":[{"embeddable":true,"href":"https:\/\/kleo.mx\/en\/wp-json\/wp\/v2\/media\/170"}],"wp:attachment":[{"href":"https:\/\/kleo.mx\/en\/wp-json\/wp\/v2\/media?parent=387"}],"curies":[{"name":"wp","href":"https:\/\/api.w.org\/{rel}","templated":true}]}}