{"id":382,"date":"2022-05-28T04:17:53","date_gmt":"2022-05-28T04:17:53","guid":{"rendered":"https:\/\/kleo.mx\/?page_id=382"},"modified":"2025-08-10T09:57:10","modified_gmt":"2025-08-10T15:57:10","slug":"privacidad","status":"publish","type":"page","link":"https:\/\/kleo.mx\/en\/privacidad\/","title":{"rendered":"Privacy Policy | Kleo \u2013 Beauty Treatments at Home"},"content":{"rendered":"<div data-elementor-type=\"wp-page\" data-elementor-id=\"382\" class=\"elementor elementor-382\" data-elementor-post-type=\"page\">\n\t\t\t\t\t\t<section class=\"elementor-section elementor-top-section elementor-element elementor-element-501a6b4 elementor-section-boxed elementor-section-height-default elementor-section-height-default\" data-id=\"501a6b4\" data-element_type=\"section\" data-settings=\"{&quot;background_background&quot;:&quot;classic&quot;}\">\n\t\t\t\t\t\t<div class=\"elementor-container elementor-column-gap-default\">\n\t\t\t\t\t<div class=\"elementor-column elementor-col-100 elementor-top-column elementor-element elementor-element-5bdb7cc\" data-id=\"5bdb7cc\" data-element_type=\"column\">\n\t\t\t<div class=\"elementor-widget-wrap elementor-element-populated\">\n\t\t\t\t\t\t<div class=\"elementor-element elementor-element-2a0ad2d de_scroll_animation_no elementor-widget elementor-widget-heading\" data-id=\"2a0ad2d\" data-element_type=\"widget\" data-widget_type=\"heading.default\">\n\t\t\t\t\t<h1 class=\"elementor-heading-title elementor-size-default\">Privacy Policy<\/h1>\t\t\t\t<\/div>\n\t\t\t\t<div class=\"elementor-element elementor-element-9c85069 de_scroll_animation_no elementor-widget elementor-widget-text-editor\" data-id=\"9c85069\" data-element_type=\"widget\" data-widget_type=\"text-editor.default\">\n\t\t\t\t\t\t\t\t\t<p data-start=\"193\" data-end=\"244\"><strong data-start=\"193\" data-end=\"242\">AVISO DE PRIVACIDAD INTEGRAL \u2013 ESTADOS UNIDOS<\/strong><\/p><p data-start=\"246\" data-end=\"293\"><strong data-start=\"246\" data-end=\"276\">Fecha de entrada en vigor:<\/strong> Enero 25, 2022<\/p><p data-start=\"295\" data-end=\"757\">Este Aviso de Privacidad describe c\u00f3mo <strong data-start=\"334\" data-end=\"342\">KLEO<\/strong>, operada por <strong data-start=\"356\" data-end=\"386\">EUREKA MOMENTS FACTORY LLC<\/strong> (&#8220;nosotros&#8221;, &#8220;nuestro&#8221; o &#8220;nos&#8221;), recopila, utiliza, comparte y protege tu informaci\u00f3n personal conforme a las leyes de privacidad aplicables en los Estados Unidos de Am\u00e9rica. <strong data-start=\"562\" data-end=\"592\">EUREKA MOMENTS FACTORY LLC<\/strong> tiene su sede en Houston, Texas, EE. UU., y es responsable de la operaci\u00f3n, gesti\u00f3n y administraci\u00f3n de <strong data-start=\"697\" data-end=\"705\">KLEO<\/strong>, cuya sede se encuentra en Austin, Texas, EE. UU.<\/p><p data-start=\"759\" data-end=\"1272\">Al utilizar este sitio web o cualquier plataforma digital operada por nosotros, aceptas los t\u00e9rminos del presente Aviso de Privacidad, as\u00ed como el tratamiento de tus datos personales conforme a la legislaci\u00f3n estadounidense vigente. Asimismo, aceptas que podamos compartir tu informaci\u00f3n con profesionales de la salud, cl\u00ednicas, proveedores m\u00e9dicos, instituciones de financiamiento, socios comerciales o estrat\u00e9gicos, as\u00ed como otros terceros que resulten relevantes para los productos o servicios de tu inter\u00e9s.<\/p><p data-start=\"1274\" data-end=\"1382\">Si tienes cualquier duda, puedes contactarnos en:<br data-start=\"1323\" data-end=\"1326\" \/>\ud83d\udce7 <a class=\"cursor-pointer\" rel=\"noopener\" data-start=\"1329\" data-end=\"1345\">contacto@kleo.mx<\/a><\/p><hr data-start=\"1384\" data-end=\"1387\" \/><h3 data-start=\"1389\" data-end=\"1425\">1. INFORMACI\u00d3N QUE RECOPILAMOS<\/h3><p data-start=\"1427\" data-end=\"1493\">Podemos recopilar las siguientes categor\u00edas de datos personales:<\/p><ul data-start=\"1495\" data-end=\"1943\"><li data-start=\"1495\" data-end=\"1561\"><p data-start=\"1497\" data-end=\"1561\">Informaci\u00f3n de contacto (nombre, correo electr\u00f3nico, tel\u00e9fono)<\/p><\/li><li data-start=\"1562\" data-end=\"1610\"><p data-start=\"1564\" data-end=\"1610\">Datos demogr\u00e1ficos (edad, g\u00e9nero, ubicaci\u00f3n)<\/p><\/li><li data-start=\"1611\" data-end=\"1686\"><p data-start=\"1613\" data-end=\"1686\">Informaci\u00f3n de salud o est\u00e9tica relacionada con tratamientos de inter\u00e9s<\/p><\/li><li data-start=\"1687\" data-end=\"1748\"><p data-start=\"1689\" data-end=\"1748\">Informaci\u00f3n de pago, historial de compras y transacciones<\/p><\/li><li data-start=\"1749\" data-end=\"1823\"><p data-start=\"1751\" data-end=\"1823\">Informaci\u00f3n t\u00e9cnica y de navegaci\u00f3n (IP, cookies, datos del navegador)<\/p><\/li><li data-start=\"1824\" data-end=\"1943\"><p data-start=\"1826\" data-end=\"1943\">Informaci\u00f3n relacionada con tus preferencias de consumo, intereses comerciales y respuestas a campa\u00f1as de marketing<\/p><\/li><\/ul><p data-start=\"1945\" data-end=\"2103\">Esta informaci\u00f3n puede obtenerse directamente a trav\u00e9s de formularios, comunicaciones con nuestro equipo, o indirectamente a trav\u00e9s de terceros autorizados.<\/p><hr data-start=\"2105\" data-end=\"2108\" \/><h3 data-start=\"2110\" data-end=\"2146\">2. FINALIDADES DEL TRATAMIENTO<\/h3><p data-start=\"2148\" data-end=\"2211\">Utilizamos tu informaci\u00f3n personal para los siguientes fines:<\/p><ul data-start=\"2213\" data-end=\"2854\"><li data-start=\"2213\" data-end=\"2291\"><p data-start=\"2215\" data-end=\"2291\">Comunicarnos contigo respecto a temas, productos o servicios de tu inter\u00e9s<\/p><\/li><li data-start=\"2292\" data-end=\"2373\"><p data-start=\"2294\" data-end=\"2373\">Analizar tu informaci\u00f3n para ofrecerte mejores recomendaciones personalizadas<\/p><\/li><li data-start=\"2374\" data-end=\"2458\"><p data-start=\"2376\" data-end=\"2458\">Proporcionar acceso a consultas, talleres, eventos o evaluaciones personalizadas<\/p><\/li><li data-start=\"2459\" data-end=\"2576\"><p data-start=\"2461\" data-end=\"2576\">Facilitar la conexi\u00f3n con cl\u00ednicas, m\u00e9dicos, especialistas o proveedores vinculados a los servicios que solicitas<\/p><\/li><li data-start=\"2577\" data-end=\"2651\"><p data-start=\"2579\" data-end=\"2651\">Brindarte opciones de financiamiento relacionadas con dichos servicios<\/p><\/li><li data-start=\"2652\" data-end=\"2775\"><p data-start=\"2654\" data-end=\"2775\">Comercializar productos y servicios en las \u00e1reas de bienestar, est\u00e9tica, tecnolog\u00eda, marketing y desarrollo de negocios<\/p><\/li><li data-start=\"2776\" data-end=\"2854\"><p data-start=\"2778\" data-end=\"2854\">Cumplir con nuestras obligaciones contractuales, comerciales y de servicio<\/p><\/li><\/ul><hr data-start=\"2856\" data-end=\"2859\" \/><h3 data-start=\"2861\" data-end=\"2897\">3. COMPARTICI\u00d3N DE INFORMACI\u00d3N<\/h3><p data-start=\"2899\" data-end=\"2948\">Podremos compartir tu informaci\u00f3n personal con:<\/p><ul data-start=\"2950\" data-end=\"3398\"><li data-start=\"2950\" data-end=\"3082\"><p data-start=\"2952\" data-end=\"3082\">Cl\u00ednicas, m\u00e9dicos, especialistas o profesionales relacionados con los tratamientos o servicios que has solicitado o te interesan<\/p><\/li><li data-start=\"3083\" data-end=\"3176\"><p data-start=\"3085\" data-end=\"3176\">Instituciones financieras que ofrezcan productos o servicios de financiamiento aplicables<\/p><\/li><li data-start=\"3177\" data-end=\"3285\"><p data-start=\"3179\" data-end=\"3285\">Socios comerciales, de marketing y publicidad para fines leg\u00edtimos y relacionados con nuestros servicios<\/p><\/li><li data-start=\"3286\" data-end=\"3398\"><p data-start=\"3288\" data-end=\"3398\">Proveedores de servicios tecnol\u00f3gicos, de an\u00e1lisis de datos y atenci\u00f3n al cliente que colaboran con nosotros<\/p><\/li><\/ul><p data-start=\"3400\" data-end=\"3569\">Todos estos terceros est\u00e1n sujetos a obligaciones de confidencialidad y seguridad.<br data-start=\"3482\" data-end=\"3485\" \/>No venderemos ni rentaremos tu informaci\u00f3n personal sin tu consentimiento expreso.<\/p><hr data-start=\"3571\" data-end=\"3574\" \/><h3 data-start=\"3576\" data-end=\"3622\">4. SEGURIDAD Y CONSERVACI\u00d3N DE LOS DATOS<\/h3><p data-start=\"3624\" data-end=\"3829\">Tus datos personales se almacenan en sistemas seguros y protegidos. Ser\u00e1n conservados por un periodo de hasta cinco (5) a\u00f1os, o durante el tiempo que sea necesario para cumplir con los fines mencionados.<\/p><hr data-start=\"3831\" data-end=\"3834\" \/><h3 data-start=\"3836\" data-end=\"3857\">5. TUS DERECHOS<\/h3><p data-start=\"3859\" data-end=\"3944\">De acuerdo con la legislaci\u00f3n estadounidense, puedes tener los siguientes derechos:<\/p><ul data-start=\"3946\" data-end=\"4108\"><li data-start=\"3946\" data-end=\"3999\"><p data-start=\"3948\" data-end=\"3999\">Acceder, corregir o eliminar tus datos personales<\/p><\/li><li data-start=\"4000\" data-end=\"4052\"><p data-start=\"4002\" data-end=\"4052\">Limitar ciertos usos o retirar tu consentimiento<\/p><\/li><li data-start=\"4053\" data-end=\"4108\"><p data-start=\"4055\" data-end=\"4108\">Solicitar una copia de tus datos en formato digital<\/p><\/li><\/ul><p data-start=\"4110\" data-end=\"4211\">Para ejercer estos derechos, escr\u00edbenos a:<br data-start=\"4152\" data-end=\"4155\" \/>\ud83d\udce7 <a class=\"cursor-pointer\" rel=\"noopener\" data-start=\"4158\" data-end=\"4174\">contacto@kleo.mx<\/a><br data-start=\"4174\" data-end=\"4177\" \/>\ud83d\udce7 <a class=\"cursor-pointer\" rel=\"noopener\" data-start=\"4180\" data-end=\"4209\">info@eurekamomentsfactory.com<\/a><\/p><hr data-start=\"4213\" data-end=\"4216\" \/><h3 data-start=\"4218\" data-end=\"4254\">6. TRANSFERENCIA INTERNACIONAL<\/h3><p data-start=\"4256\" data-end=\"4470\">Al acceder a nuestros sitios o plataformas desde fuera de Estados Unidos, entiendes y consientes que tu informaci\u00f3n pueda ser transferida, tratada y almacenada en servidores ubicados en territorio estadounidense.<\/p><hr data-start=\"4472\" data-end=\"4475\" \/><h3 data-start=\"4477\" data-end=\"4516\">7. CAMBIOS AL AVISO DE PRIVACIDAD<\/h3><p data-start=\"4518\" data-end=\"4742\">Podemos modificar este Aviso de Privacidad en cualquier momento para reflejar cambios legales, operativos o comerciales. Cualquier actualizaci\u00f3n ser\u00e1 publicada en nuestros sitios web junto con la fecha de entrada en vigor.<\/p>\t\t\t\t\t\t\t\t<\/div>\n\t\t\t\t\t<\/div>\n\t\t<\/div>\n\t\t\t\t\t<\/div>\n\t\t<\/section>\n\t\t\t\t<\/div>","protected":false},"excerpt":{"rendered":"<p>Politica de privacidad AVISO DE PRIVACIDAD INTEGRAL \u2013 ESTADOS UNIDOS Fecha de entrada en vigor: Enero 25, 2022 Este Aviso de Privacidad describe c\u00f3mo KLEO, operada por EUREKA MOMENTS FACTORY LLC (&#8220;nosotros&#8221;, &#8220;nuestro&#8221; o &#8220;nos&#8221;), recopila, utiliza, comparte y protege tu informaci\u00f3n personal conforme a las leyes de privacidad aplicables en los Estados Unidos de [&hellip;]<\/p>","protected":false},"author":1,"featured_media":170,"parent":0,"menu_order":0,"comment_status":"closed","ping_status":"closed","template":"","meta":{"_acf_changed":false,"footnotes":""},"class_list":["post-382","page","type-page","status-publish","has-post-thumbnail","hentry"],"acf":[],"yoast_head":"<!-- This site is optimized with the Yoast SEO plugin v25.1 - https:\/\/yoast.com\/wordpress\/plugins\/seo\/ -->\n<title>Politica de Privacidad | Kleo - Tratamientos de Belleza en Casa - Kleo<\/title>\n<meta name=\"description\" content=\"Politica de privacidad de Kleo Mexico.\" \/>\n<meta name=\"robots\" content=\"noindex, follow\" \/>\n<meta property=\"og:locale\" content=\"en_US\" \/>\n<meta property=\"og:type\" content=\"article\" \/>\n<meta property=\"og:title\" content=\"Politica de Privacidad | Kleo - Tratamientos de Belleza en Casa - Kleo\" \/>\n<meta property=\"og:description\" content=\"Politica de privacidad de Kleo Mexico.\" \/>\n<meta property=\"og:url\" content=\"https:\/\/kleo.mx\/en\/privacidad\/\" \/>\n<meta property=\"og:site_name\" content=\"Kleo\" \/>\n<meta property=\"article:modified_time\" content=\"2025-08-10T15:57:10+00:00\" \/>\n<meta property=\"og:image\" content=\"https:\/\/kleo.mx\/wp-content\/uploads\/2022\/05\/kleo-tratamientos-de-belleza-en-casa-2.jpg\" \/>\n\t<meta property=\"og:image:width\" content=\"1200\" \/>\n\t<meta property=\"og:image:height\" content=\"628\" \/>\n\t<meta property=\"og:image:type\" content=\"image\/jpeg\" \/>\n<meta name=\"twitter:card\" content=\"summary_large_image\" \/>\n<meta name=\"twitter:label1\" content=\"Est. reading time\" \/>\n\t<meta name=\"twitter:data1\" content=\"3 minutes\" \/>\n<script type=\"application\/ld+json\" class=\"yoast-schema-graph\">{\"@context\":\"https:\/\/schema.org\",\"@graph\":[{\"@type\":\"WebPage\",\"@id\":\"https:\/\/kleo.mx\/privacidad\/\",\"url\":\"https:\/\/kleo.mx\/privacidad\/\",\"name\":\"Politica de Privacidad | Kleo - Tratamientos de Belleza en Casa - Kleo\",\"isPartOf\":{\"@id\":\"https:\/\/kleo.mx\/#website\"},\"primaryImageOfPage\":{\"@id\":\"https:\/\/kleo.mx\/privacidad\/#primaryimage\"},\"image\":{\"@id\":\"https:\/\/kleo.mx\/privacidad\/#primaryimage\"},\"thumbnailUrl\":\"https:\/\/kleo.mx\/wp-content\/uploads\/2022\/05\/kleo-tratamientos-de-belleza-en-casa-2.jpg\",\"datePublished\":\"2022-05-28T04:17:53+00:00\",\"dateModified\":\"2025-08-10T15:57:10+00:00\",\"description\":\"Politica de privacidad de Kleo Mexico.\",\"breadcrumb\":{\"@id\":\"https:\/\/kleo.mx\/privacidad\/#breadcrumb\"},\"inLanguage\":\"en-US\",\"potentialAction\":[{\"@type\":\"ReadAction\",\"target\":[\"https:\/\/kleo.mx\/privacidad\/\"]}]},{\"@type\":\"ImageObject\",\"inLanguage\":\"en-US\",\"@id\":\"https:\/\/kleo.mx\/privacidad\/#primaryimage\",\"url\":\"https:\/\/kleo.mx\/wp-content\/uploads\/2022\/05\/kleo-tratamientos-de-belleza-en-casa-2.jpg\",\"contentUrl\":\"https:\/\/kleo.mx\/wp-content\/uploads\/2022\/05\/kleo-tratamientos-de-belleza-en-casa-2.jpg\",\"width\":1200,\"height\":628},{\"@type\":\"BreadcrumbList\",\"@id\":\"https:\/\/kleo.mx\/privacidad\/#breadcrumb\",\"itemListElement\":[{\"@type\":\"ListItem\",\"position\":1,\"name\":\"Inicio\",\"item\":\"https:\/\/kleo.mx\/\"},{\"@type\":\"ListItem\",\"position\":2,\"name\":\"Politica de Privacidad | Kleo &#8211; Tratamientos de Belleza en Casa\"}]},{\"@type\":\"WebSite\",\"@id\":\"https:\/\/kleo.mx\/#website\",\"url\":\"https:\/\/kleo.mx\/\",\"name\":\"Kleo\",\"description\":\"Tratamientos de Belleza en Casa\",\"publisher\":{\"@id\":\"https:\/\/kleo.mx\/#organization\"},\"potentialAction\":[{\"@type\":\"SearchAction\",\"target\":{\"@type\":\"EntryPoint\",\"urlTemplate\":\"https:\/\/kleo.mx\/?s={search_term_string}\"},\"query-input\":{\"@type\":\"PropertyValueSpecification\",\"valueRequired\":true,\"valueName\":\"search_term_string\"}}],\"inLanguage\":\"en-US\"},{\"@type\":\"Organization\",\"@id\":\"https:\/\/kleo.mx\/#organization\",\"name\":\"Kleo\",\"url\":\"https:\/\/kleo.mx\/\",\"logo\":{\"@type\":\"ImageObject\",\"inLanguage\":\"en-US\",\"@id\":\"https:\/\/kleo.mx\/#\/schema\/logo\/image\/\",\"url\":\"https:\/\/kleo.mx\/wp-content\/uploads\/2022\/05\/kleo-mexico-logo-273x134-1.png\",\"contentUrl\":\"https:\/\/kleo.mx\/wp-content\/uploads\/2022\/05\/kleo-mexico-logo-273x134-1.png\",\"width\":274,\"height\":136,\"caption\":\"Kleo\"},\"image\":{\"@id\":\"https:\/\/kleo.mx\/#\/schema\/logo\/image\/\"}}]}<\/script>\n<!-- \/ Yoast SEO plugin. -->","yoast_head_json":{"title":"Politica de Privacidad | Kleo - Tratamientos de Belleza en Casa - Kleo","description":"Politica de privacidad de Kleo Mexico.","robots":{"index":"noindex","follow":"follow"},"og_locale":"en_US","og_type":"article","og_title":"Politica de Privacidad | Kleo - Tratamientos de Belleza en Casa - Kleo","og_description":"Politica de privacidad de Kleo Mexico.","og_url":"https:\/\/kleo.mx\/en\/privacidad\/","og_site_name":"Kleo","article_modified_time":"2025-08-10T15:57:10+00:00","og_image":[{"width":1200,"height":628,"url":"https:\/\/kleo.mx\/wp-content\/uploads\/2022\/05\/kleo-tratamientos-de-belleza-en-casa-2.jpg","type":"image\/jpeg"}],"twitter_card":"summary_large_image","twitter_misc":{"Est. reading time":"3 minutes"},"schema":{"@context":"https:\/\/schema.org","@graph":[{"@type":"WebPage","@id":"https:\/\/kleo.mx\/privacidad\/","url":"https:\/\/kleo.mx\/privacidad\/","name":"Politica de Privacidad | Kleo - Tratamientos de Belleza en Casa - Kleo","isPartOf":{"@id":"https:\/\/kleo.mx\/#website"},"primaryImageOfPage":{"@id":"https:\/\/kleo.mx\/privacidad\/#primaryimage"},"image":{"@id":"https:\/\/kleo.mx\/privacidad\/#primaryimage"},"thumbnailUrl":"https:\/\/kleo.mx\/wp-content\/uploads\/2022\/05\/kleo-tratamientos-de-belleza-en-casa-2.jpg","datePublished":"2022-05-28T04:17:53+00:00","dateModified":"2025-08-10T15:57:10+00:00","description":"Politica de privacidad de Kleo Mexico.","breadcrumb":{"@id":"https:\/\/kleo.mx\/privacidad\/#breadcrumb"},"inLanguage":"en-US","potentialAction":[{"@type":"ReadAction","target":["https:\/\/kleo.mx\/privacidad\/"]}]},{"@type":"ImageObject","inLanguage":"en-US","@id":"https:\/\/kleo.mx\/privacidad\/#primaryimage","url":"https:\/\/kleo.mx\/wp-content\/uploads\/2022\/05\/kleo-tratamientos-de-belleza-en-casa-2.jpg","contentUrl":"https:\/\/kleo.mx\/wp-content\/uploads\/2022\/05\/kleo-tratamientos-de-belleza-en-casa-2.jpg","width":1200,"height":628},{"@type":"BreadcrumbList","@id":"https:\/\/kleo.mx\/privacidad\/#breadcrumb","itemListElement":[{"@type":"ListItem","position":1,"name":"Inicio","item":"https:\/\/kleo.mx\/"},{"@type":"ListItem","position":2,"name":"Politica de Privacidad | Kleo &#8211; Tratamientos de Belleza en Casa"}]},{"@type":"WebSite","@id":"https:\/\/kleo.mx\/#website","url":"https:\/\/kleo.mx\/","name":"Kleo","description":"Tratamientos de Belleza en Casa","publisher":{"@id":"https:\/\/kleo.mx\/#organization"},"potentialAction":[{"@type":"SearchAction","target":{"@type":"EntryPoint","urlTemplate":"https:\/\/kleo.mx\/?s={search_term_string}"},"query-input":{"@type":"PropertyValueSpecification","valueRequired":true,"valueName":"search_term_string"}}],"inLanguage":"en-US"},{"@type":"Organization","@id":"https:\/\/kleo.mx\/#organization","name":"Kleo","url":"https:\/\/kleo.mx\/","logo":{"@type":"ImageObject","inLanguage":"en-US","@id":"https:\/\/kleo.mx\/#\/schema\/logo\/image\/","url":"https:\/\/kleo.mx\/wp-content\/uploads\/2022\/05\/kleo-mexico-logo-273x134-1.png","contentUrl":"https:\/\/kleo.mx\/wp-content\/uploads\/2022\/05\/kleo-mexico-logo-273x134-1.png","width":274,"height":136,"caption":"Kleo"},"image":{"@id":"https:\/\/kleo.mx\/#\/schema\/logo\/image\/"}}]}},"_links":{"self":[{"href":"https:\/\/kleo.mx\/en\/wp-json\/wp\/v2\/pages\/382","targetHints":{"allow":["GET"]}}],"collection":[{"href":"https:\/\/kleo.mx\/en\/wp-json\/wp\/v2\/pages"}],"about":[{"href":"https:\/\/kleo.mx\/en\/wp-json\/wp\/v2\/types\/page"}],"author":[{"embeddable":true,"href":"https:\/\/kleo.mx\/en\/wp-json\/wp\/v2\/users\/1"}],"replies":[{"embeddable":true,"href":"https:\/\/kleo.mx\/en\/wp-json\/wp\/v2\/comments?post=382"}],"version-history":[{"count":11,"href":"https:\/\/kleo.mx\/en\/wp-json\/wp\/v2\/pages\/382\/revisions"}],"predecessor-version":[{"id":192584,"href":"https:\/\/kleo.mx\/en\/wp-json\/wp\/v2\/pages\/382\/revisions\/192584"}],"wp:featuredmedia":[{"embeddable":true,"href":"https:\/\/kleo.mx\/en\/wp-json\/wp\/v2\/media\/170"}],"wp:attachment":[{"href":"https:\/\/kleo.mx\/en\/wp-json\/wp\/v2\/media?parent=382"}],"curies":[{"name":"wp","href":"https:\/\/api.w.org\/{rel}","templated":true}]}}